{"id":261,"date":"2025-10-20T12:46:29","date_gmt":"2025-10-20T12:46:29","guid":{"rendered":"https:\/\/yente.pt\/?page_id=261"},"modified":"2025-11-13T14:09:14","modified_gmt":"2025-11-13T14:09:14","slug":"about","status":"publish","type":"page","link":"https:\/\/yente.pt\/en\/about\/","title":{"rendered":"About"},"content":{"rendered":"<p>This is a theme template page created by Superb Addons. You can edit this page&#039;s content and its template. If the blocks you want to edit can&#039;t be found in the page content, please edit the selected template.<\/p>","protected":false},"excerpt":{"rendered":"<p>This is a theme template page created by Superb Addons. You can edit this page&#039;s content and its template. If the blocks you want to edit can&#039;t be found in the page content, please edit the selected template.<\/p>","protected":false},"author":1,"featured_media":0,"parent":0,"menu_order":0,"comment_status":"closed","ping_status":"closed","template":"about","meta":{"footnotes":""},"class_list":["post-261","page","type-page","status-publish","hentry"],"yoast_head":"<!-- This site is optimized with the Yoast SEO plugin v26.9 - https:\/\/yoast.com\/product\/yoast-seo-wordpress\/ -->\n<title>Sobre a Yente Constru\u00e7\u00e3o Civil e as Suas Caracter\u00edsticas \u00danicas - Yente Constru\u00e7\u00e3o Civil %<\/title>\n<meta name=\"description\" content=\"Especialistas em constru\u00e7\u00e3o civil e remodela\u00e7\u00e3o de qualidade em Tomar, Abrantes e Sardoal. Servi\u00e7os de carpintaria, telhados e energia solar.\" \/>\n<meta name=\"robots\" content=\"index, follow, max-snippet:-1, max-image-preview:large, max-video-preview:-1\" \/>\n<link rel=\"canonical\" href=\"https:\/\/yente.pt\/en\/about\/\" \/>\n<meta property=\"og:locale\" content=\"en_US\" \/>\n<meta property=\"og:type\" content=\"article\" \/>\n<meta property=\"og:title\" content=\"Sobre a Yente Constru\u00e7\u00e3o Civil e as Suas Caracter\u00edsticas \u00danicas - Yente Constru\u00e7\u00e3o Civil %\" \/>\n<meta property=\"og:description\" content=\"Especialistas em constru\u00e7\u00e3o civil e remodela\u00e7\u00e3o de qualidade em Tomar, Abrantes e Sardoal. Servi\u00e7os de carpintaria, telhados e energia solar.\" \/>\n<meta property=\"og:url\" content=\"https:\/\/yente.pt\/en\/about\/\" \/>\n<meta property=\"og:site_name\" content=\"Yente Constru\u00e7\u00e3o Civil\" \/>\n<meta property=\"article:modified_time\" content=\"2025-11-13T14:09:14+00:00\" \/>\n<meta property=\"og:image\" content=\"https:\/\/yente.pt\/wp-content\/uploads\/2025\/11\/ChatGPT-Image-31-okt-2025-18_49_05.png\" \/>\n\t<meta property=\"og:image:width\" content=\"1024\" \/>\n\t<meta property=\"og:image:height\" content=\"1024\" \/>\n\t<meta property=\"og:image:type\" content=\"image\/png\" \/>\n<meta name=\"twitter:card\" content=\"summary_large_image\" \/>\n<meta name=\"twitter:label1\" content=\"Est. reading time\" \/>\n\t<meta name=\"twitter:data1\" content=\"3 minutes\" \/>\n<script type=\"application\/ld+json\" class=\"yoast-schema-graph\">{\"@context\":\"https:\/\/schema.org\",\"@graph\":[{\"@type\":\"WebPage\",\"@id\":\"https:\/\/yente.pt\/about\/\",\"url\":\"https:\/\/yente.pt\/about\/\",\"name\":\"Sobre a Yente Constru\u00e7\u00e3o Civil e as Suas Caracter\u00edsticas \u00danicas - Yente Constru\u00e7\u00e3o Civil %\",\"isPartOf\":{\"@id\":\"https:\/\/yente.pt\/#website\"},\"datePublished\":\"2025-10-20T12:46:29+00:00\",\"dateModified\":\"2025-11-13T14:09:14+00:00\",\"description\":\"Especialistas em constru\u00e7\u00e3o civil e remodela\u00e7\u00e3o de qualidade em Tomar, Abrantes e Sardoal. Servi\u00e7os de carpintaria, telhados e energia solar.\",\"breadcrumb\":{\"@id\":\"https:\/\/yente.pt\/about\/#breadcrumb\"},\"inLanguage\":\"en-US\",\"potentialAction\":[{\"@type\":\"ReadAction\",\"target\":[\"https:\/\/yente.pt\/about\/\"]}]},{\"@type\":\"BreadcrumbList\",\"@id\":\"https:\/\/yente.pt\/about\/#breadcrumb\",\"itemListElement\":[{\"@type\":\"ListItem\",\"position\":1,\"name\":\"Home\",\"item\":\"https:\/\/yente.pt\/\"},{\"@type\":\"ListItem\",\"position\":2,\"name\":\"About\"}]},{\"@type\":\"WebSite\",\"@id\":\"https:\/\/yente.pt\/#website\",\"url\":\"https:\/\/yente.pt\/\",\"name\":\"Yente Constru\u00e7\u00e3o civil\",\"description\":\"Obras e Remodela\u00e7\u00f5es de Casas\",\"publisher\":{\"@id\":\"https:\/\/yente.pt\/#organization\"},\"potentialAction\":[{\"@type\":\"SearchAction\",\"target\":{\"@type\":\"EntryPoint\",\"urlTemplate\":\"https:\/\/yente.pt\/?s={search_term_string}\"},\"query-input\":{\"@type\":\"PropertyValueSpecification\",\"valueRequired\":true,\"valueName\":\"search_term_string\"}}],\"inLanguage\":\"en-US\"},{\"@type\":\"Organization\",\"@id\":\"https:\/\/yente.pt\/#organization\",\"name\":\"Yente Constru\u00e7\u00e3o civil\",\"url\":\"https:\/\/yente.pt\/\",\"logo\":{\"@type\":\"ImageObject\",\"inLanguage\":\"en-US\",\"@id\":\"https:\/\/yente.pt\/#\/schema\/logo\/image\/\",\"url\":\"https:\/\/yente.pt\/wp-content\/uploads\/2025\/11\/ChatGPT-Image-31-okt-2025-18_49_05.png\",\"contentUrl\":\"https:\/\/yente.pt\/wp-content\/uploads\/2025\/11\/ChatGPT-Image-31-okt-2025-18_49_05.png\",\"width\":1024,\"height\":1024,\"caption\":\"Yente Constru\u00e7\u00e3o civil\"},\"image\":{\"@id\":\"https:\/\/yente.pt\/#\/schema\/logo\/image\/\"}}]}<\/script>\n<!-- \/ Yoast SEO plugin. -->","yoast_head_json":{"title":"Sobre a Yente Constru\u00e7\u00e3o Civil e as Suas Caracter\u00edsticas \u00danicas - Yente Constru\u00e7\u00e3o Civil %","description":"Especialistas em constru\u00e7\u00e3o civil e remodela\u00e7\u00e3o de qualidade em Tomar, Abrantes e Sardoal. Servi\u00e7os de carpintaria, telhados e energia solar.","robots":{"index":"index","follow":"follow","max-snippet":"max-snippet:-1","max-image-preview":"max-image-preview:large","max-video-preview":"max-video-preview:-1"},"canonical":"https:\/\/yente.pt\/en\/about\/","og_locale":"en_US","og_type":"article","og_title":"Sobre a Yente Constru\u00e7\u00e3o Civil e as Suas Caracter\u00edsticas \u00danicas - Yente Constru\u00e7\u00e3o Civil %","og_description":"Especialistas em constru\u00e7\u00e3o civil e remodela\u00e7\u00e3o de qualidade em Tomar, Abrantes e Sardoal. Servi\u00e7os de carpintaria, telhados e energia solar.","og_url":"https:\/\/yente.pt\/en\/about\/","og_site_name":"Yente Constru\u00e7\u00e3o Civil","article_modified_time":"2025-11-13T14:09:14+00:00","og_image":[{"width":1024,"height":1024,"url":"https:\/\/yente.pt\/wp-content\/uploads\/2025\/11\/ChatGPT-Image-31-okt-2025-18_49_05.png","type":"image\/png"}],"twitter_card":"summary_large_image","twitter_misc":{"Est. reading time":"3 minutes"},"schema":{"@context":"https:\/\/schema.org","@graph":[{"@type":"WebPage","@id":"https:\/\/yente.pt\/about\/","url":"https:\/\/yente.pt\/about\/","name":"Sobre a Yente Constru\u00e7\u00e3o Civil e as Suas Caracter\u00edsticas \u00danicas - Yente Constru\u00e7\u00e3o Civil %","isPartOf":{"@id":"https:\/\/yente.pt\/#website"},"datePublished":"2025-10-20T12:46:29+00:00","dateModified":"2025-11-13T14:09:14+00:00","description":"Especialistas em constru\u00e7\u00e3o civil e remodela\u00e7\u00e3o de qualidade em Tomar, Abrantes e Sardoal. Servi\u00e7os de carpintaria, telhados e energia solar.","breadcrumb":{"@id":"https:\/\/yente.pt\/about\/#breadcrumb"},"inLanguage":"en-US","potentialAction":[{"@type":"ReadAction","target":["https:\/\/yente.pt\/about\/"]}]},{"@type":"BreadcrumbList","@id":"https:\/\/yente.pt\/about\/#breadcrumb","itemListElement":[{"@type":"ListItem","position":1,"name":"Home","item":"https:\/\/yente.pt\/"},{"@type":"ListItem","position":2,"name":"About"}]},{"@type":"WebSite","@id":"https:\/\/yente.pt\/#website","url":"https:\/\/yente.pt\/","name":"Yente Constru\u00e7\u00e3o civil","description":"Obras e Remodela\u00e7\u00f5es de Casas","publisher":{"@id":"https:\/\/yente.pt\/#organization"},"potentialAction":[{"@type":"SearchAction","target":{"@type":"EntryPoint","urlTemplate":"https:\/\/yente.pt\/?s={search_term_string}"},"query-input":{"@type":"PropertyValueSpecification","valueRequired":true,"valueName":"search_term_string"}}],"inLanguage":"en-US"},{"@type":"Organization","@id":"https:\/\/yente.pt\/#organization","name":"Yente Constru\u00e7\u00e3o civil","url":"https:\/\/yente.pt\/","logo":{"@type":"ImageObject","inLanguage":"en-US","@id":"https:\/\/yente.pt\/#\/schema\/logo\/image\/","url":"https:\/\/yente.pt\/wp-content\/uploads\/2025\/11\/ChatGPT-Image-31-okt-2025-18_49_05.png","contentUrl":"https:\/\/yente.pt\/wp-content\/uploads\/2025\/11\/ChatGPT-Image-31-okt-2025-18_49_05.png","width":1024,"height":1024,"caption":"Yente Constru\u00e7\u00e3o civil"},"image":{"@id":"https:\/\/yente.pt\/#\/schema\/logo\/image\/"}}]}},"_links":{"self":[{"href":"https:\/\/yente.pt\/en\/wp-json\/wp\/v2\/pages\/261","targetHints":{"allow":["GET"]}}],"collection":[{"href":"https:\/\/yente.pt\/en\/wp-json\/wp\/v2\/pages"}],"about":[{"href":"https:\/\/yente.pt\/en\/wp-json\/wp\/v2\/types\/page"}],"author":[{"embeddable":true,"href":"https:\/\/yente.pt\/en\/wp-json\/wp\/v2\/users\/1"}],"replies":[{"embeddable":true,"href":"https:\/\/yente.pt\/en\/wp-json\/wp\/v2\/comments?post=261"}],"version-history":[{"count":1,"href":"https:\/\/yente.pt\/en\/wp-json\/wp\/v2\/pages\/261\/revisions"}],"predecessor-version":[{"id":690,"href":"https:\/\/yente.pt\/en\/wp-json\/wp\/v2\/pages\/261\/revisions\/690"}],"wp:attachment":[{"href":"https:\/\/yente.pt\/en\/wp-json\/wp\/v2\/media?parent=261"}],"curies":[{"name":"wp","href":"https:\/\/api.w.org\/{rel}","templated":true}]}}