{"id":270,"date":"2025-10-20T12:46:32","date_gmt":"2025-10-20T12:46:32","guid":{"rendered":"https:\/\/yente.pt\/?page_id=270"},"modified":"2025-11-18T16:07:34","modified_gmt":"2025-11-18T16:07:34","slug":"contactos","status":"publish","type":"page","link":"https:\/\/yente.pt\/en\/contactos\/","title":{"rendered":"Contact Page"},"content":{"rendered":"<div class=\"wp-block-cover\" style=\"min-height:266px;aspect-ratio:unset;\"><img decoding=\"async\" class=\"wp-block-cover__image-background\" alt=\"The current image has no alternative text. The file name is: sven-mieke-fteR0e2BzKo-unsplash-1-scaled.webp\" src=\"https:\/\/yente.pt\/wp-content\/uploads\/2025\/10\/sven-mieke-fteR0e2BzKo-unsplash-1-1024x683.webp\" data-object-fit=\"cover\"\/><span aria-hidden=\"true\" class=\"wp-block-cover__background has-background-dim\"><\/span><div class=\"wp-block-cover__inner-container is-layout-flow wp-block-cover-is-layout-flow\">\n<p class=\"has-text-align-center has-large-font-size\"><strong>Get in touch with us<\/strong><\/p>\n<\/div><\/div>\n\n\n\n<div class=\"wp-block-group alignfull has-global-padding is-layout-constrained wp-container-core-group-is-layout-58718c00 wp-block-group-is-layout-constrained\" style=\"margin-top:0;margin-bottom:0;padding-top:var(--wp--preset--spacing--superbspacing-medium);padding-right:var(--wp--preset--spacing--superbspacing-small);padding-bottom:var(--wp--preset--spacing--superbspacing-large);padding-left:var(--wp--preset--spacing--superbspacing-small)\">\n<div class=\"wp-block-columns is-layout-flex wp-container-core-columns-is-layout-28f84493 wp-block-columns-is-layout-flex\">\n<div class=\"wp-block-column is-layout-flow wp-block-column-is-layout-flow\" style=\"flex-basis:100%\">\n<div class=\"wp-block-columns is-layout-flex wp-container-core-columns-is-layout-28f84493 wp-block-columns-is-layout-flex\">\n<div class=\"wp-block-column is-layout-flow wp-block-column-is-layout-flow\" style=\"flex-basis:100%\">\n<div class=\"wp-block-group alignwide is-vertical is-content-justification-center is-layout-flex wp-container-core-group-is-layout-f90d858d wp-block-group-is-layout-flex\" style=\"border-radius:20px;padding-top:0;padding-right:0;padding-bottom:0;padding-left:0\">\n<div class=\"wp-block-group has-global-padding is-content-justification-center is-layout-constrained wp-container-core-group-is-layout-fe7bfd86 wp-block-group-is-layout-constrained\">\n<h2 class=\"wp-block-heading has-text-align-center has-mono-1-color has-text-color has-superbfont-xxlarge-font-size\">Let's discuss your future construction project<\/h2>\n\n\n\n<p class=\"has-text-align-center has-mono-2-color has-text-color has-superbfont-small-font-size\">We would love to hear from you! Get in touch using the details provided, and let's talk about bringing your ideas to life.<\/p>\n<\/div>\n\n\n\n<div class=\"wp-block-group is-nowrap is-layout-flex wp-container-core-group-is-layout-6c531013 wp-block-group-is-layout-flex\">\n<div class=\"wp-block-group is-content-justification-center is-nowrap is-layout-flex wp-container-core-group-is-layout-23441af8 wp-block-group-is-layout-flex\"><style id=\"wpforms-css-vars-507-block-2fe565ff-c6da-4efb-8612-3b23532e9593\">\n\t\t\t\t#wpforms-507.wpforms-block-2fe565ff-c6da-4efb-8612-3b23532e9593 {\n\t\t\t\t--wpforms-field-size-input-height: 43px;\n--wpforms-field-size-input-spacing: 15px;\n--wpforms-field-size-font-size: 16px;\n--wpforms-field-size-line-height: 19px;\n--wpforms-field-size-padding-h: 14px;\n--wpforms-field-size-checkbox-size: 16px;\n--wpforms-field-size-sublabel-spacing: 5px;\n--wpforms-field-size-icon-size: 1;\n--wpforms-label-size-font-size: 16px;\n--wpforms-label-size-line-height: 19px;\n--wpforms-label-size-sublabel-font-size: 14px;\n--wpforms-label-size-sublabel-line-height: 17px;\n--wpforms-button-size-font-size: 17px;\n--wpforms-button-size-height: 41px;\n--wpforms-button-size-padding-h: 15px;\n--wpforms-button-size-margin-top: 10px;\n\t\t\t}\n\t\t\t<\/style><div class=\"wpforms-container wpforms-container-full wpforms-block wpforms-block-2fe565ff-c6da-4efb-8612-3b23532e9593 wpforms-render-modern\" id=\"wpforms-507\"><form id=\"wpforms-form-507\" class=\"wpforms-validate wpforms-form wpforms-ajax-form\" data-formid=\"507\" method=\"post\" enctype=\"multipart\/form-data\" action=\"\/en\/wp-json\/wp\/v2\/pages\/270\" data-token=\"7fe0857e9cea58a5d608a465d57f2425\" data-token-time=\"1777021696\" data-trp-original-action=\"\/en\/wp-json\/wp\/v2\/pages\/270\"><noscript class=\"wpforms-error-noscript\">Please enable JavaScript in your browser to complete this form.<\/noscript><div id=\"wpforms-error-noscript\" style=\"display: none;\">Please enable JavaScript in your browser to complete this form.<\/div><div class=\"wpforms-field-container\"><div id=\"wpforms-507-field_1-container\" class=\"wpforms-field wpforms-field-name\" data-field-id=\"1\"><label class=\"wpforms-field-label\" for=\"wpforms-507-field_1\">Name <span class=\"wpforms-required-label\" aria-hidden=\"true\">*<\/span><\/label><input type=\"text\" id=\"wpforms-507-field_1\" class=\"wpforms-field-medium wpforms-field-required\" name=\"wpforms[fields][1]\" aria-errormessage=\"wpforms-507-field_1-error\" required><\/div>\t\t<div id=\"wpforms-507-field_5-container\"\n\t\t\tclass=\"wpforms-field wpforms-field-text\"\n\t\t\tdata-field-type=\"text\"\n\t\t\tdata-field-id=\"5\"\n\t\t\t>\n\t\t\t<label class=\"wpforms-field-label\" for=\"wpforms-507-field_5\" >E-mail Coment\u00e1rio Telem\u00f3vel<\/label>\n\t\t\t<input type=\"text\" id=\"wpforms-507-field_5\" class=\"wpforms-field-medium\" name=\"wpforms[fields][5]\" >\n\t\t<\/div>\n\t\t<div id=\"wpforms-507-field_2-container\" class=\"wpforms-field wpforms-field-email\" data-field-id=\"2\"><label class=\"wpforms-field-label\" for=\"wpforms-507-field_2\">E-mail <span class=\"wpforms-required-label\" aria-hidden=\"true\">*<\/span><\/label><input type=\"email\" id=\"wpforms-507-field_2\" class=\"wpforms-field-medium wpforms-field-required\" name=\"wpforms[fields][2]\" spellcheck=\"false\" aria-errormessage=\"wpforms-507-field_2-error\" required><\/div><div id=\"wpforms-507-field_3-container\" class=\"wpforms-field wpforms-field-textarea\" data-field-id=\"3\"><label class=\"wpforms-field-label\" for=\"wpforms-507-field_3\">Comment or message<\/label><textarea id=\"wpforms-507-field_3\" class=\"wpforms-field-medium\" name=\"wpforms[fields][3]\" aria-errormessage=\"wpforms-507-field_3-error\" ><\/textarea><\/div><div id=\"wpforms-507-field_4-container\" class=\"wpforms-field wpforms-field-text\" data-field-id=\"4\"><label class=\"wpforms-field-label\" for=\"wpforms-507-field_4\">Phone<\/label><input type=\"text\" id=\"wpforms-507-field_4\" class=\"wpforms-field-medium\" name=\"wpforms[fields][4]\" aria-errormessage=\"wpforms-507-field_4-error\" ><\/div><div id=\"wpforms-507-field_6-container\" class=\"wpforms-field wpforms-field-text\" data-field-id=\"6\"><label class=\"wpforms-field-label\" for=\"wpforms-507-field_6\">Subject<\/label><input type=\"text\" id=\"wpforms-507-field_6\" class=\"wpforms-field-medium\" name=\"wpforms[fields][6]\" aria-errormessage=\"wpforms-507-field_6-error\" aria-describedby=\"wpforms-507-field_6-description\" ><div id=\"wpforms-507-field_6-description\" class=\"wpforms-field-description\">For example: quote request, general inquiry, renovation project<\/div><\/div><script>\n\t\t\t\t( function() {\n\t\t\t\t\tconst style = document.createElement( 'style' );\n\t\t\t\t\tstyle.appendChild( document.createTextNode( '#wpforms-507-field_5-container { position: absolute !important; overflow: hidden !important; display: inline !important; height: 1px !important; width: 1px !important; z-index: -1000 !important; padding: 0 !important; } #wpforms-507-field_5-container input { visibility: hidden; } #wpforms-conversational-form-page #wpforms-507-field_5-container label { counter-increment: none; }' ) );\n\t\t\t\t\tdocument.head.appendChild( style );\n\t\t\t\t\tdocument.currentScript?.remove();\n\t\t\t\t} )();\n\t\t\t<\/script><\/div><!-- .wpforms-field-container --><div class=\"wpforms-recaptcha-container wpforms-is-turnstile\" ><div class=\"cf-turnstile\" data-sitekey=\"0x4AAAAAAB8MwZpx6tPRF8VK\" data-action=\"FormID-507\"><\/div><input type=\"text\" name=\"g-recaptcha-hidden\" class=\"wpforms-recaptcha-hidden\" style=\"position:absolute!important;clip:rect(0,0,0,0)!important;height:1px!important;width:1px!important;border:0!important;overflow:hidden!important;padding:0!important;margin:0!important;\" data-rule-turnstile=\"1\"><\/div><div class=\"wpforms-submit-container\" ><input type=\"hidden\" name=\"wpforms[id]\" value=\"507\"><input type=\"hidden\" name=\"page_title\" value=\"\"><input type=\"hidden\" name=\"page_url\" value=\"https:\/\/yente.pt\/en\/wp-json\/wp\/v2\/pages\/270\"><input type=\"hidden\" name=\"url_referer\" value=\"\"><button type=\"submit\" name=\"wpforms[submit]\" id=\"wpforms-submit-507\" class=\"wpforms-submit\" data-alt-text=\"A enviar...\" data-submit-text=\"submeter\" aria-live=\"assertive\" value=\"wpforms-submit\">Submit<\/button><img decoding=\"async\" src=\"https:\/\/yente.pt\/wp-content\/plugins\/wpforms-lite\/assets\/images\/submit-spin.svg\" class=\"wpforms-submit-spinner\" style=\"display: none;\" width=\"26\" height=\"26\" alt=\"Loading\"><\/div><input type=\"hidden\" name=\"trp-form-language\" value=\"en\"\/><\/form><\/div>  <!-- .wpforms-container --><\/div>\n<\/div>\n<\/div>\n<\/div>\n<\/div>\n<\/div>\n<\/div>\n\n\n\n<div class=\"wp-block-group alignwide has-global-padding is-layout-constrained wp-block-group-is-layout-constrained\" style=\"padding-top:var(--wp--preset--spacing--superbspacing-small)\">\n<div class=\"wp-block-columns alignwide has-superbfont-medium-font-size is-layout-flex wp-container-core-columns-is-layout-28f84493 wp-block-columns-is-layout-flex\">\n<div class=\"wp-block-column is-vertically-aligned-stretch has-mono-4-background-color has-background is-layout-flow wp-block-column-is-layout-flow\" style=\"padding-top:var(--wp--preset--spacing--superbspacing-small);padding-right:var(--wp--preset--spacing--superbspacing-small);padding-bottom:var(--wp--preset--spacing--superbspacing-small);padding-left:var(--wp--preset--spacing--superbspacing-small);flex-basis:275px\">\n<figure class=\"wp-block-image aligncenter size-full is-resized\"><img decoding=\"async\" src=\"https:\/\/yente.pt\/wp-content\/uploads\/2025\/10\/img-icon-4.png\" alt=\"\" style=\"object-fit:cover;width:48px;height:48px\"\/><\/figure>\n\n\n\n<h3 class=\"wp-block-heading has-text-align-center has-mono-1-color has-text-color has-link-color has-superbfont-medium-font-size wp-elements-73c91dba9540800d40d314ce4282a165\" style=\"margin-top:0;margin-bottom:0\">E-mail<\/h3>\n\n\n\n<div class=\"wp-block-buttons is-content-justification-center is-layout-flex wp-container-core-buttons-is-layout-a89b3969 wp-block-buttons-is-layout-flex\">\n<div class=\"wp-block-button\"><a class=\"wp-block-button__link has-text-color has-link-color wp-element-button\" href=\"mailto:geral@yente.pt\" style=\"color:#000080\">geral@yente.pt<\/a><\/div>\n<\/div>\n<\/div>\n\n\n\n<div class=\"wp-block-column is-vertically-aligned-stretch has-mono-4-background-color has-background is-layout-flow wp-container-core-column-is-layout-bca7365a wp-block-column-is-layout-flow\" style=\"padding-top:var(--wp--preset--spacing--superbspacing-small);padding-right:var(--wp--preset--spacing--superbspacing-small);padding-bottom:var(--wp--preset--spacing--superbspacing-small);padding-left:var(--wp--preset--spacing--superbspacing-small);flex-basis:275px\">\n<figure class=\"wp-block-image aligncenter size-full is-resized\"><img decoding=\"async\" src=\"https:\/\/yente.pt\/wp-content\/uploads\/2025\/10\/icon-mobile.png\" alt=\"\" style=\"object-fit:cover;width:48px;height:48px\"\/><\/figure>\n\n\n\n<h3 class=\"wp-block-heading has-text-align-center has-mono-1-color has-text-color has-superbfont-medium-font-size\" style=\"margin-top:0;margin-bottom:0\">Phone<\/h3>\n\n\n\n<div style=\"height:23px\" aria-hidden=\"true\" class=\"wp-block-spacer\"><\/div>\n\n\n\n<div class=\"wp-block-buttons is-content-justification-center is-layout-flex wp-container-core-buttons-is-layout-098cc607 wp-block-buttons-is-layout-flex\">\n<div class=\"wp-block-button\"><a class=\"wp-block-button__link has-text-color has-link-color wp-element-button\" href=\"tel:351920 66 53 06\" style=\"color:#000080\">+351 920 66 53 06<\/a><\/div>\n<\/div>\n<\/div>\n\n\n\n<div class=\"wp-block-column is-vertically-aligned-stretch has-mono-4-background-color has-background is-layout-flow wp-block-column-is-layout-flow\" style=\"padding-top:var(--wp--preset--spacing--superbspacing-small);padding-right:var(--wp--preset--spacing--superbspacing-small);padding-bottom:var(--wp--preset--spacing--superbspacing-small);padding-left:var(--wp--preset--spacing--superbspacing-small);flex-basis:275px\">\n<figure class=\"wp-block-image aligncenter size-full is-resized\"><a href=\"https:\/\/api.whatsapp.com\/send\/?phone=351936424224&amp;text&amp;type=phone_number&amp;app_absent=0\" target=\"_blank\" rel=\" noreferrer noopener\"><img fetchpriority=\"high\" decoding=\"async\" width=\"768\" height=\"770\" src=\"https:\/\/yente.pt\/wp-content\/uploads\/2025\/10\/WhatsApp.svg_-3.png\" alt=\"\" class=\"wp-image-554\" style=\"object-fit:cover;width:48px;height:48px\" srcset=\"https:\/\/yente.pt\/wp-content\/uploads\/2025\/10\/WhatsApp.svg_-3.png 768w, https:\/\/yente.pt\/wp-content\/uploads\/2025\/10\/WhatsApp.svg_-3-300x300.png 300w, https:\/\/yente.pt\/wp-content\/uploads\/2025\/10\/WhatsApp.svg_-3-150x150.png 150w\" sizes=\"(max-width: 768px) 100vw, 768px\" \/><\/a><\/figure>\n\n\n\n<h3 class=\"wp-block-heading has-text-align-center has-mono-1-color has-text-color has-superbfont-medium-font-size\" style=\"margin-top:0;margin-bottom:0\">WhatsApp<\/h3>\n\n\n\n<div class=\"wp-block-buttons is-content-justification-center is-layout-flex wp-container-core-buttons-is-layout-a89b3969 wp-block-buttons-is-layout-flex\">\n<div class=\"wp-block-button is-style-fill\"><a class=\"wp-block-button__link has-text-color has-link-color wp-element-button\" href=\"https:\/\/api.whatsapp.com\/send\/?phone=351936424224&amp;text&amp;type=phone_number&amp;app_absent=0\" style=\"color:#000080\" target=\"_blank\" rel=\"noreferrer noopener\">Press here<\/a><\/div>\n<\/div>\n<\/div>\n<\/div>\n<\/div>\n<\/div>\n\n\n\n<div class=\"wp-block-group alignfull has-global-padding is-layout-constrained wp-container-core-group-is-layout-5641adb6 wp-block-group-is-layout-constrained\" style=\"margin-top:0;margin-bottom:0;padding-top:var(--wp--preset--spacing--superbspacing-large);padding-right:var(--wp--preset--spacing--superbspacing-small);padding-bottom:var(--wp--preset--spacing--superbspacing-xlarge);padding-left:var(--wp--preset--spacing--superbspacing-small)\">\n<div class=\"wp-block-group alignwide has-global-padding is-layout-constrained wp-container-core-group-is-layout-e52907a5 wp-block-group-is-layout-constrained\">\n<h3 class=\"wp-block-heading has-text-align-center has-primary-color has-text-color has-superbfont-small-font-size\">&nbsp;<\/h3>\n\n\n\n<h2 class=\"wp-block-heading has-text-align-center has-contrast-dark-color has-text-color has-superbfont-xlarge-font-size\">We are based in Sardoal.<\/h2>\n\n\n\n<p class=\"has-text-align-center has-mono-2-color has-text-color has-superbfont-small-font-size\">We offer construction work in these villages and towns: Abrantes, Mouriscas, Vila de Rei, Sardoal, Alferrarede, Ferreira do Z\u00eazere, Const\u00e2ncia, Tomar, Entroncamento, Torres Novas, Ma\u00e7\u00e3o<\/p>\n<\/div>\n\n\n\n<div class=\"wp-block-group alignwide has-global-padding is-layout-constrained wp-block-group-is-layout-constrained\">\n<div class=\"wp-block-superb-addons-google-maps alignfull\"><div class=\"superbaddons-google-maps-block\" style=\"border-radius:2%;height:450px\"><iframe width=\"100%\" height=\"450px\" frameborder=\"0\" margin=\"0\" padding=\"0\" referrerpolicy=\"no-referrer-when-downgrade\" src=\"https:\/\/maps.google.com\/maps?width=100%&amp;height=100%&amp;q=Sardoal&amp;t=&amp;z=12&amp;hl=en&amp;ie=UTF8&amp;iwloc=B&amp;output=embed\"><\/iframe><\/div><\/div>\n<\/div>\n<\/div>\n\n\n\n<p><\/p>","protected":false},"excerpt":{"rendered":"<p>Vamos discutir o seu futuro projeto de constru\u00e7\u00e3o Adorar\u00edamos ouvir a sua opini\u00e3o! Entre em contacto connosco atrav\u00e9s dos dados fornecidos e vamos conversar sobre como dar vida \u00e0s suas ideias. E-mail Telefone WhatsApp &nbsp; Estamos sediados em Sardoal. Oferecemos trabalhos de constru\u00e7\u00e3o nestas aldeias e cidades: Abrantes, Mouriscas, Vila de Rei, Sardoal, Alferrarede, Ferreira [&hellip;]<\/p>","protected":false},"author":1,"featured_media":131,"parent":0,"menu_order":0,"comment_status":"closed","ping_status":"closed","template":"superbaddons-page-template","meta":{"footnotes":""},"class_list":["post-270","page","type-page","status-publish","has-post-thumbnail","hentry"],"yoast_head":"<!-- This site is optimized with the Yoast SEO plugin v26.9 - https:\/\/yoast.com\/product\/yoast-seo-wordpress\/ -->\n<title>Entre em contacto connosco para projetos de constru\u00e7\u00e3o - Yente Constru\u00e7\u00e3o Civil %<\/title>\n<meta name=\"description\" content=\"Entre em contacto connosco para compartilhar sua opini\u00e3o e saiba como podemos ajudar a implementar suas ideias de constru\u00e7\u00e3o.\" \/>\n<meta name=\"robots\" content=\"index, follow, max-snippet:-1, max-image-preview:large, max-video-preview:-1\" \/>\n<link rel=\"canonical\" href=\"https:\/\/yente.pt\/en\/contactos\/\" \/>\n<meta property=\"og:locale\" content=\"en_US\" \/>\n<meta property=\"og:type\" content=\"article\" \/>\n<meta property=\"og:title\" content=\"Entre em contacto connosco para projetos de constru\u00e7\u00e3o - Yente Constru\u00e7\u00e3o Civil %\" \/>\n<meta property=\"og:description\" content=\"Entre em contacto connosco para compartilhar sua opini\u00e3o e saiba como podemos ajudar a implementar suas ideias de constru\u00e7\u00e3o.\" \/>\n<meta property=\"og:url\" content=\"https:\/\/yente.pt\/en\/contactos\/\" \/>\n<meta property=\"og:site_name\" content=\"Yente Constru\u00e7\u00e3o Civil\" \/>\n<meta property=\"article:modified_time\" content=\"2025-11-18T16:07:34+00:00\" \/>\n<meta property=\"og:image\" content=\"https:\/\/yente.pt\/wp-content\/uploads\/2025\/10\/sven-mieke-fteR0e2BzKo-unsplash-1-scaled.webp\" \/>\n\t<meta property=\"og:image:width\" content=\"1920\" \/>\n\t<meta property=\"og:image:height\" content=\"1280\" \/>\n\t<meta property=\"og:image:type\" content=\"image\/webp\" \/>\n<meta name=\"twitter:card\" content=\"summary_large_image\" \/>\n<meta name=\"twitter:label1\" content=\"Est. reading time\" \/>\n\t<meta name=\"twitter:data1\" content=\"2 minutes\" \/>\n<script type=\"application\/ld+json\" class=\"yoast-schema-graph\">{\"@context\":\"https:\/\/schema.org\",\"@graph\":[{\"@type\":\"WebPage\",\"@id\":\"https:\/\/yente.pt\/contactos\/\",\"url\":\"https:\/\/yente.pt\/contactos\/\",\"name\":\"Entre em contacto connosco para projetos de constru\u00e7\u00e3o - Yente Constru\u00e7\u00e3o Civil %\",\"isPartOf\":{\"@id\":\"https:\/\/yente.pt\/#website\"},\"primaryImageOfPage\":{\"@id\":\"https:\/\/yente.pt\/contactos\/#primaryimage\"},\"image\":{\"@id\":\"https:\/\/yente.pt\/contactos\/#primaryimage\"},\"thumbnailUrl\":\"https:\/\/yente.pt\/wp-content\/uploads\/2025\/10\/sven-mieke-fteR0e2BzKo-unsplash-1-scaled.webp\",\"datePublished\":\"2025-10-20T12:46:32+00:00\",\"dateModified\":\"2025-11-18T16:07:34+00:00\",\"description\":\"Entre em contacto connosco para compartilhar sua opini\u00e3o e saiba como podemos ajudar a implementar suas ideias de constru\u00e7\u00e3o.\",\"breadcrumb\":{\"@id\":\"https:\/\/yente.pt\/contactos\/#breadcrumb\"},\"inLanguage\":\"en-US\",\"potentialAction\":[{\"@type\":\"ReadAction\",\"target\":[\"https:\/\/yente.pt\/contactos\/\"]}]},{\"@type\":\"ImageObject\",\"inLanguage\":\"en-US\",\"@id\":\"https:\/\/yente.pt\/contactos\/#primaryimage\",\"url\":\"https:\/\/yente.pt\/wp-content\/uploads\/2025\/10\/sven-mieke-fteR0e2BzKo-unsplash-1-scaled.webp\",\"contentUrl\":\"https:\/\/yente.pt\/wp-content\/uploads\/2025\/10\/sven-mieke-fteR0e2BzKo-unsplash-1-scaled.webp\",\"width\":1920,\"height\":1280},{\"@type\":\"BreadcrumbList\",\"@id\":\"https:\/\/yente.pt\/contactos\/#breadcrumb\",\"itemListElement\":[{\"@type\":\"ListItem\",\"position\":1,\"name\":\"Home\",\"item\":\"https:\/\/yente.pt\/\"},{\"@type\":\"ListItem\",\"position\":2,\"name\":\"Contact Page\"}]},{\"@type\":\"WebSite\",\"@id\":\"https:\/\/yente.pt\/#website\",\"url\":\"https:\/\/yente.pt\/\",\"name\":\"Yente Constru\u00e7\u00e3o civil\",\"description\":\"Obras e Remodela\u00e7\u00f5es de Casas\",\"publisher\":{\"@id\":\"https:\/\/yente.pt\/#organization\"},\"potentialAction\":[{\"@type\":\"SearchAction\",\"target\":{\"@type\":\"EntryPoint\",\"urlTemplate\":\"https:\/\/yente.pt\/?s={search_term_string}\"},\"query-input\":{\"@type\":\"PropertyValueSpecification\",\"valueRequired\":true,\"valueName\":\"search_term_string\"}}],\"inLanguage\":\"en-US\"},{\"@type\":\"Organization\",\"@id\":\"https:\/\/yente.pt\/#organization\",\"name\":\"Yente Constru\u00e7\u00e3o civil\",\"url\":\"https:\/\/yente.pt\/\",\"logo\":{\"@type\":\"ImageObject\",\"inLanguage\":\"en-US\",\"@id\":\"https:\/\/yente.pt\/#\/schema\/logo\/image\/\",\"url\":\"https:\/\/yente.pt\/wp-content\/uploads\/2025\/11\/ChatGPT-Image-31-okt-2025-18_49_05.png\",\"contentUrl\":\"https:\/\/yente.pt\/wp-content\/uploads\/2025\/11\/ChatGPT-Image-31-okt-2025-18_49_05.png\",\"width\":1024,\"height\":1024,\"caption\":\"Yente Constru\u00e7\u00e3o civil\"},\"image\":{\"@id\":\"https:\/\/yente.pt\/#\/schema\/logo\/image\/\"}}]}<\/script>\n<!-- \/ Yoast SEO plugin. -->","yoast_head_json":{"title":"Entre em contacto connosco para projetos de constru\u00e7\u00e3o - Yente Constru\u00e7\u00e3o Civil %","description":"Entre em contacto connosco para compartilhar sua opini\u00e3o e saiba como podemos ajudar a implementar suas ideias de constru\u00e7\u00e3o.","robots":{"index":"index","follow":"follow","max-snippet":"max-snippet:-1","max-image-preview":"max-image-preview:large","max-video-preview":"max-video-preview:-1"},"canonical":"https:\/\/yente.pt\/en\/contactos\/","og_locale":"en_US","og_type":"article","og_title":"Entre em contacto connosco para projetos de constru\u00e7\u00e3o - Yente Constru\u00e7\u00e3o Civil %","og_description":"Entre em contacto connosco para compartilhar sua opini\u00e3o e saiba como podemos ajudar a implementar suas ideias de constru\u00e7\u00e3o.","og_url":"https:\/\/yente.pt\/en\/contactos\/","og_site_name":"Yente Constru\u00e7\u00e3o Civil","article_modified_time":"2025-11-18T16:07:34+00:00","og_image":[{"width":1920,"height":1280,"url":"https:\/\/yente.pt\/wp-content\/uploads\/2025\/10\/sven-mieke-fteR0e2BzKo-unsplash-1-scaled.webp","type":"image\/webp"}],"twitter_card":"summary_large_image","twitter_misc":{"Est. reading time":"2 minutes"},"schema":{"@context":"https:\/\/schema.org","@graph":[{"@type":"WebPage","@id":"https:\/\/yente.pt\/contactos\/","url":"https:\/\/yente.pt\/contactos\/","name":"Entre em contacto connosco para projetos de constru\u00e7\u00e3o - Yente Constru\u00e7\u00e3o Civil %","isPartOf":{"@id":"https:\/\/yente.pt\/#website"},"primaryImageOfPage":{"@id":"https:\/\/yente.pt\/contactos\/#primaryimage"},"image":{"@id":"https:\/\/yente.pt\/contactos\/#primaryimage"},"thumbnailUrl":"https:\/\/yente.pt\/wp-content\/uploads\/2025\/10\/sven-mieke-fteR0e2BzKo-unsplash-1-scaled.webp","datePublished":"2025-10-20T12:46:32+00:00","dateModified":"2025-11-18T16:07:34+00:00","description":"Entre em contacto connosco para compartilhar sua opini\u00e3o e saiba como podemos ajudar a implementar suas ideias de constru\u00e7\u00e3o.","breadcrumb":{"@id":"https:\/\/yente.pt\/contactos\/#breadcrumb"},"inLanguage":"en-US","potentialAction":[{"@type":"ReadAction","target":["https:\/\/yente.pt\/contactos\/"]}]},{"@type":"ImageObject","inLanguage":"en-US","@id":"https:\/\/yente.pt\/contactos\/#primaryimage","url":"https:\/\/yente.pt\/wp-content\/uploads\/2025\/10\/sven-mieke-fteR0e2BzKo-unsplash-1-scaled.webp","contentUrl":"https:\/\/yente.pt\/wp-content\/uploads\/2025\/10\/sven-mieke-fteR0e2BzKo-unsplash-1-scaled.webp","width":1920,"height":1280},{"@type":"BreadcrumbList","@id":"https:\/\/yente.pt\/contactos\/#breadcrumb","itemListElement":[{"@type":"ListItem","position":1,"name":"Home","item":"https:\/\/yente.pt\/"},{"@type":"ListItem","position":2,"name":"Contact Page"}]},{"@type":"WebSite","@id":"https:\/\/yente.pt\/#website","url":"https:\/\/yente.pt\/","name":"Yente Constru\u00e7\u00e3o civil","description":"Obras e Remodela\u00e7\u00f5es de Casas","publisher":{"@id":"https:\/\/yente.pt\/#organization"},"potentialAction":[{"@type":"SearchAction","target":{"@type":"EntryPoint","urlTemplate":"https:\/\/yente.pt\/?s={search_term_string}"},"query-input":{"@type":"PropertyValueSpecification","valueRequired":true,"valueName":"search_term_string"}}],"inLanguage":"en-US"},{"@type":"Organization","@id":"https:\/\/yente.pt\/#organization","name":"Yente Constru\u00e7\u00e3o civil","url":"https:\/\/yente.pt\/","logo":{"@type":"ImageObject","inLanguage":"en-US","@id":"https:\/\/yente.pt\/#\/schema\/logo\/image\/","url":"https:\/\/yente.pt\/wp-content\/uploads\/2025\/11\/ChatGPT-Image-31-okt-2025-18_49_05.png","contentUrl":"https:\/\/yente.pt\/wp-content\/uploads\/2025\/11\/ChatGPT-Image-31-okt-2025-18_49_05.png","width":1024,"height":1024,"caption":"Yente Constru\u00e7\u00e3o civil"},"image":{"@id":"https:\/\/yente.pt\/#\/schema\/logo\/image\/"}}]}},"_links":{"self":[{"href":"https:\/\/yente.pt\/en\/wp-json\/wp\/v2\/pages\/270","targetHints":{"allow":["GET"]}}],"collection":[{"href":"https:\/\/yente.pt\/en\/wp-json\/wp\/v2\/pages"}],"about":[{"href":"https:\/\/yente.pt\/en\/wp-json\/wp\/v2\/types\/page"}],"author":[{"embeddable":true,"href":"https:\/\/yente.pt\/en\/wp-json\/wp\/v2\/users\/1"}],"replies":[{"embeddable":true,"href":"https:\/\/yente.pt\/en\/wp-json\/wp\/v2\/comments?post=270"}],"version-history":[{"count":4,"href":"https:\/\/yente.pt\/en\/wp-json\/wp\/v2\/pages\/270\/revisions"}],"predecessor-version":[{"id":784,"href":"https:\/\/yente.pt\/en\/wp-json\/wp\/v2\/pages\/270\/revisions\/784"}],"wp:featuredmedia":[{"embeddable":true,"href":"https:\/\/yente.pt\/en\/wp-json\/wp\/v2\/media\/131"}],"wp:attachment":[{"href":"https:\/\/yente.pt\/en\/wp-json\/wp\/v2\/media?parent=270"}],"curies":[{"name":"wp","href":"https:\/\/api.w.org\/{rel}","templated":true}]}}